{"id":3110,"date":"2022-01-17T18:56:42","date_gmt":"2022-01-17T18:56:42","guid":{"rendered":"https:\/\/wizitory.com\/om-wizitory\/"},"modified":"2022-09-05T06:59:33","modified_gmt":"2022-09-05T06:59:33","slug":"om-wizitory","status":"publish","type":"page","link":"https:\/\/wizitory.com\/sv\/om-wizitory\/","title":{"rendered":"OM OSS"},"content":{"rendered":"<p><div class=\"fusion-fullwidth fullwidth-box fusion-builder-row-1 fusion-flex-container fusion-parallax-none nonhundred-percent-fullwidth non-hundred-percent-height-scrolling lazyload\" style=\"--awb-border-radius-top-left:0px;--awb-border-radius-top-right:0px;--awb-border-radius-bottom-right:0px;--awb-border-radius-bottom-left:0px;--awb-padding-top:220px;--awb-padding-bottom:90px;--awb-padding-top-small:25px;--awb-padding-bottom-small:35px;--awb-margin-top-small:-60px;--awb-background-color:#888888;--awb-background-size:cover;--awb-flex-wrap:wrap;\" data-bg=\"https:\/\/wizitory.com\/wp-content\/uploads\/2022\/02\/about_wizitory_hero_dark.jpg\" ><div class=\"fusion-builder-row fusion-row fusion-flex-align-items-flex-start fusion-flex-justify-content-center fusion-flex-content-wrap\" style=\"max-width:calc( 1200px + 0px );margin-left: calc(-0px \/ 2 );margin-right: calc(-0px \/ 2 );\"><div class=\"fusion-layout-column fusion_builder_column fusion-builder-column-0 fusion_builder_column_1_1 1_1 fusion-flex-column\" style=\"--awb-bg-blend:overlay;--awb-bg-size:cover;--awb-width-large:100%;--awb-margin-top-large:0px;--awb-spacing-right-large:220px;--awb-margin-bottom-large:20px;--awb-spacing-left-large:220px;--awb-width-medium:100%;--awb-spacing-right-medium:220px;--awb-spacing-left-medium:220px;--awb-width-small:100%;--awb-spacing-right-small:0px;--awb-spacing-left-small:0px;\"><div class=\"fusion-column-wrapper fusion-flex-justify-content-flex-start fusion-content-layout-column\"><div class=\"fusion-text fusion-text-1\" style=\"--awb-text-transform:none;\"><h3 style=\"text-align: center;\"><span style=\"color: #ffffff;\">F\u00f6rbered ditt varum\u00e4rke f\u00f6r metaversum<\/span><\/h3>\n<\/div><\/div><\/div><\/div><\/div><div class=\"fusion-fullwidth fullwidth-box fusion-builder-row-2 fusion-flex-container nonhundred-percent-fullwidth non-hundred-percent-height-scrolling\" style=\"--awb-border-radius-top-left:0px;--awb-border-radius-top-right:0px;--awb-border-radius-bottom-right:0px;--awb-border-radius-bottom-left:0px;--awb-padding-top:90px;--awb-padding-bottom:50px;--awb-padding-top-small:46px;--awb-flex-wrap:wrap;\" ><div class=\"fusion-builder-row fusion-row fusion-flex-align-items-flex-start fusion-flex-content-wrap\" style=\"max-width:calc( 1200px + 0px );margin-left: calc(-0px \/ 2 );margin-right: calc(-0px \/ 2 );\"><div class=\"fusion-layout-column fusion_builder_column fusion-builder-column-1 fusion_builder_column_3_4 3_4 fusion-flex-column\" style=\"--awb-bg-size:cover;--awb-width-large:75%;--awb-margin-top-large:0px;--awb-spacing-right-large:0px;--awb-margin-bottom-large:20px;--awb-spacing-left-large:0px;--awb-width-medium:75%;--awb-order-medium:0;--awb-spacing-right-medium:0px;--awb-spacing-left-medium:0px;--awb-width-small:100%;--awb-order-small:0;--awb-spacing-right-small:0px;--awb-spacing-left-small:0px;\"><div class=\"fusion-column-wrapper fusion-column-has-shadow fusion-flex-justify-content-flex-start fusion-content-layout-column\"><div class=\"fusion-text fusion-text-2\" style=\"--awb-text-transform:none;\"><p>Internet utvecklas oavbrutet, och just nu st\u00e5r vi inf\u00f6r ett nytt kapitel som ska revolutionera s\u00e4ttet alla interagerar online \u2013 metaversum. Det har kallats \u201df\u00f6rkroppsligandet av internet\u201d, men vi tar det g\u00e4rna ett steg l\u00e4ngre: f\u00f6rkroppsligandet av ditt varum\u00e4rke.<\/p>\n<p>Kanske tar det 10-15 \u00e5r innan metaversum \u00e4r helt utrett och har funnit sin form, men redan idag finns alla kreativa och tekniska byggklossar p\u00e5 plats f\u00f6r att inleda den fantastiska resan. Du kan bli en av de f\u00f6rsta p\u00e5 en ny spelplan f\u00f6r varum\u00e4rken som l\u00e5ter m\u00e4nniskor interagera p\u00e5 nya, sp\u00e4nnande s\u00e4tt.<\/p>\n<h4>En varum\u00e4rkesupplevelse med mottagaren i centrum.<\/h4>\n<p>L\u00e5t oss skapa ert unika metaversum genom att ta fram skr\u00e4ddarsydda digitala milj\u00f6er som s\u00e4tter era kunder i fokus. Inspirerande och informerande upplevelser som \u00e4r \u00e5tkomliga fr\u00e5n vilken dator eller mobil enhet som helst.<\/p>\n<p>Ditt varum\u00e4rke. Utan gr\u00e4nser.<\/p>\n<\/div><\/div><\/div><\/div><\/div><div class=\"fusion-fullwidth fullwidth-box fusion-builder-row-3 fusion-flex-container video-background nonhundred-percent-fullwidth non-hundred-percent-height-scrolling fusion-no-small-visibility\" style=\"--link_color: var(--awb-color7);--awb-border-color:#ea0000;--awb-border-radius-top-left:0px;--awb-border-radius-top-right:0px;--awb-border-radius-bottom-right:0px;--awb-border-radius-bottom-left:0px;--awb-padding-top:3%;--awb-padding-bottom:2%;--awb-background-color:var(--awb-custom12);--awb-flex-wrap:wrap;\" ><div class=\"fullwidth-video\"><video preload=\"auto\" autoplay playsinline loop muted><source src=\"https:\/\/wizitory.com\/wp-content\/uploads\/2022\/02\/Contact_loop_wizitory.mp4\" type=\"video\/mp4\"><\/video><\/div><div class=\"fusion-builder-row fusion-row fusion-flex-align-items-flex-start fusion-flex-content-wrap\" style=\"max-width:1248px;margin-left: calc(-4% \/ 2 );margin-right: calc(-4% \/ 2 );\"><div class=\"fusion-layout-column fusion_builder_column fusion-builder-column-2 fusion_builder_column_2_3 2_3 fusion-flex-column fusion-flex-align-self-flex-start\" style=\"--awb-bg-size:cover;--awb-width-large:66.666666666667%;--awb-margin-top-large:0%;--awb-spacing-right-large:7.2%;--awb-margin-bottom-large:2%;--awb-spacing-left-large:7.2%;--awb-width-medium:66.666666666667%;--awb-order-medium:0;--awb-spacing-right-medium:7.2%;--awb-spacing-left-medium:7.2%;--awb-width-small:100%;--awb-order-small:0;--awb-spacing-right-small:1.92%;--awb-spacing-left-small:1.92%;\"><div class=\"fusion-column-wrapper fusion-column-has-shadow fusion-flex-justify-content-flex-start fusion-content-layout-column\"><div class=\"fusion-title title fusion-title-1 fusion-sep-none fusion-title-text fusion-title-size-one\"><h1 class=\"fusion-title-heading title-heading-left fusion-responsive-typography-calculated\" style=\"margin:0;--fontSize:15;--minFontSize:15;line-height:1.2;\"><h3><span style=\"color: #ffffff;\">Vill du veta mer?<\/span><\/h3><\/h1><\/div><div class=\"fusion-text fusion-text-3\" style=\"--awb-line-height:0;--awb-text-transform:none;--awb-margin-top:-20px;\"><h4><span style=\"color: #ffffff;\">Kontakta oss f\u00f6r en gratis demo.<\/span><\/h4>\n<\/div><\/div><\/div><div class=\"fusion-layout-column fusion_builder_column fusion-builder-column-3 fusion_builder_column_1_3 1_3 fusion-flex-column fusion-flex-align-self-center\" style=\"--awb-bg-size:cover;--awb-width-large:33.333333333333%;--awb-margin-top-large:0px;--awb-spacing-right-large:5.76%;--awb-margin-bottom-large:20px;--awb-spacing-left-large:5.76%;--awb-width-medium:33.333333333333%;--awb-order-medium:0;--awb-spacing-right-medium:5.76%;--awb-spacing-left-medium:5.76%;--awb-width-small:100%;--awb-order-small:0;--awb-spacing-right-small:1.92%;--awb-spacing-left-small:1.92%;\"><div class=\"fusion-column-wrapper fusion-column-has-shadow fusion-flex-justify-content-center fusion-content-layout-column\"><div style=\"text-align:center;\"><a class=\"fusion-button button-flat button-xlarge button-custom fusion-button-default button-1 fusion-button-default-span fusion-button-default-type fusion-animated\" style=\"--button_accent_color:var(--awb-color1);--button_accent_hover_color:var(--awb-color1);--button_border_hover_color:var(--awb-color1);--button_gradient_top_color:var(--awb-color6);--button_gradient_bottom_color:var(--awb-color6);--button_gradient_top_color_hover:hsla(var(--awb-color4-h),calc(var(--awb-color4-s) - 5%),calc(var(--awb-color4-l) - 10%),var(--awb-color4-a));--button_gradient_bottom_color_hover:hsla(var(--awb-color4-h),calc(var(--awb-color4-s) - 5%),calc(var(--awb-color4-l) - 10%),var(--awb-color4-a));\" data-animationType=\"flipinx\" data-animationDuration=\"2.0\" data-animationOffset=\"top-into-view\" target=\"_self\" href=\"https:\/\/wizitory.com\/sv\/kontakt\/\"><span class=\"fusion-button-text\">H\u00f6r av dig<\/span><\/a><\/div><\/div><\/div><\/div><\/div>\n<div class=\"fusion-fullwidth fullwidth-box fusion-builder-row-4 fusion-flex-container video-background nonhundred-percent-fullwidth non-hundred-percent-height-scrolling fusion-no-medium-visibility fusion-no-large-visibility\" style=\"--awb-border-radius-top-left:0px;--awb-border-radius-top-right:0px;--awb-border-radius-bottom-right:0px;--awb-border-radius-bottom-left:0px;--awb-padding-top:3%;--awb-padding-bottom:2%;--awb-flex-wrap:wrap;\" ><div class=\"fullwidth-video\"><video preload=\"auto\" autoplay playsinline loop muted><source src=\"https:\/\/wizitory.com\/wp-content\/uploads\/2022\/02\/Contact_loop_wizitory.mp4\" type=\"video\/mp4\"><\/video><\/div><div class=\"fusion-builder-row fusion-row fusion-flex-align-items-flex-start fusion-flex-content-wrap\" style=\"max-width:1248px;margin-left: calc(-4% \/ 2 );margin-right: calc(-4% \/ 2 );\"><div class=\"fusion-layout-column fusion_builder_column fusion-builder-column-4 fusion_builder_column_2_3 2_3 fusion-flex-column\" style=\"--awb-bg-size:cover;--awb-width-large:66.666666666667%;--awb-margin-top-large:0px;--awb-spacing-right-large:2.88%;--awb-margin-bottom-large:20px;--awb-spacing-left-large:2.88%;--awb-width-medium:66.666666666667%;--awb-order-medium:0;--awb-spacing-right-medium:2.88%;--awb-spacing-left-medium:2.88%;--awb-width-small:100%;--awb-order-small:0;--awb-spacing-right-small:1.92%;--awb-spacing-left-small:1.92%;\"><div class=\"fusion-column-wrapper fusion-column-has-shadow fusion-flex-justify-content-flex-start fusion-content-layout-column\"><div class=\"fusion-title title fusion-title-2 fusion-sep-none fusion-title-text fusion-title-size-one\"><h1 class=\"fusion-title-heading title-heading-left fusion-responsive-typography-calculated\" style=\"margin:0;--fontSize:15;--minFontSize:15;line-height:1.2;\"><h4><span style=\"color: #ffffff;\">Vill du l\u00e4ra dig mer?<\/span><\/h4><\/h1><\/div><div class=\"fusion-text fusion-text-4 fusion-text-no-margin\" style=\"--awb-margin-top:-10px;--awb-margin-bottom:20px;\"><h6><span style=\"color: #ffffff;\">Kontakta oss f\u00f6r en gratis demo.<\/span><\/h6>\n<\/div><\/div><\/div><div class=\"fusion-layout-column fusion_builder_column fusion-builder-column-5 fusion_builder_column_1_3 1_3 fusion-flex-column fusion-flex-align-self-center\" style=\"--awb-bg-size:cover;--awb-width-large:33.333333333333%;--awb-margin-top-large:0px;--awb-spacing-right-large:5.76%;--awb-margin-bottom-large:20px;--awb-spacing-left-large:5.76%;--awb-width-medium:33.333333333333%;--awb-order-medium:0;--awb-spacing-right-medium:5.76%;--awb-spacing-left-medium:5.76%;--awb-width-small:100%;--awb-order-small:0;--awb-spacing-right-small:1.92%;--awb-spacing-left-small:1.92%;\"><div class=\"fusion-column-wrapper fusion-column-has-shadow fusion-flex-justify-content-flex-start fusion-content-layout-column\"><div style=\"text-align:center;\"><a class=\"fusion-button button-flat button-xlarge button-default fusion-button-default button-2 fusion-button-default-span fusion-button-default-type\" target=\"_self\" href=\"https:\/\/wizitory.com\/sv\/kontakt\/\"><span class=\"fusion-button-text\">Kontakta oss<\/span><\/a><\/div><\/div><\/div><\/div><\/div>\n<div class=\"fusion-fullwidth fullwidth-box fusion-builder-row-5 fusion-flex-container nonhundred-percent-fullwidth non-hundred-percent-height-scrolling\" style=\"--awb-border-radius-top-left:0px;--awb-border-radius-top-right:0px;--awb-border-radius-bottom-right:0px;--awb-border-radius-bottom-left:0px;--awb-padding-top:5%;--awb-padding-bottom:2%;--awb-flex-wrap:wrap;\" ><div class=\"fusion-builder-row fusion-row fusion-flex-align-items-flex-start fusion-flex-justify-content-center fusion-flex-content-wrap\" style=\"max-width:1248px;margin-left: calc(-4% \/ 2 );margin-right: calc(-4% \/ 2 );\"><div class=\"fusion-layout-column fusion_builder_column fusion-builder-column-6 fusion_builder_column_1_2 1_2 fusion-flex-column fusion-flex-align-self-flex-start\" style=\"--awb-padding-top:10%;--awb-padding-right:15%;--awb-padding-bottom:10%;--awb-padding-left:15%;--awb-bg-color:var(--awb-color4);--awb-bg-color-hover:var(--awb-color4);--awb-bg-position:center center;--awb-bg-blend:luminosity;--awb-bg-size:cover;--awb-width-large:50%;--awb-margin-top-large:0px;--awb-spacing-right-large:3.84%;--awb-margin-bottom-large:20px;--awb-spacing-left-large:3.84%;--awb-width-medium:50%;--awb-order-medium:0;--awb-spacing-right-medium:3.84%;--awb-spacing-left-medium:3.84%;--awb-width-small:100%;--awb-order-small:0;--awb-spacing-right-small:1.92%;--awb-spacing-left-small:1.92%;\"><div class=\"fusion-column-wrapper lazyload fusion-column-has-shadow fusion-flex-justify-content-flex-start fusion-content-layout-column fusion-column-has-bg-image\" data-bg-url=\"https:\/\/wizitory.com\/wp-content\/uploads\/2022\/02\/what_we_make_hero_dark-300x169.jpg\" data-bg=\"https:\/\/wizitory.com\/wp-content\/uploads\/2022\/02\/what_we_make_hero_dark-300x169.jpg\"><div class=\"fusion-title title fusion-title-3 fusion-sep-none fusion-title-text fusion-title-size-two\" style=\"--awb-margin-bottom:50px;\"><h2 class=\"fusion-title-heading title-heading-left fusion-responsive-typography-calculated\" style=\"margin:0;--fontSize:15;--minFontSize:15;line-height:1.2;\"><h4 style=\"text-align: center;\"><span style=\"color: #ffffff;\">Vad vi g\u00f6r<\/span><\/h4><\/h2><\/div><div style=\"text-align:center;\"><a class=\"fusion-button button-flat button-xlarge button-default fusion-button-default button-3 fusion-button-default-span fusion-button-default-type fusion-animated\" data-animationType=\"flipinx\" data-animationDuration=\"2.0\" data-animationOffset=\"top-into-view\" target=\"_self\" href=\"https:\/\/wizitory.com\/sv\/vad-vi-gor\/\"><span class=\"fusion-button-text\">Uppt\u00e4ck<\/span><\/a><\/div><\/div><\/div><div class=\"fusion-layout-column fusion_builder_column fusion-builder-column-7 fusion_builder_column_1_2 1_2 fusion-flex-column fusion-flex-align-self-flex-start\" style=\"--awb-padding-top:10%;--awb-padding-right:10%;--awb-padding-bottom:10%;--awb-padding-left:10%;--awb-bg-color:var(--awb-color4);--awb-bg-color-hover:var(--awb-color4);--awb-bg-position:center center;--awb-bg-blend:luminosity;--awb-bg-size:cover;--awb-width-large:50%;--awb-margin-top-large:0px;--awb-spacing-right-large:3.84%;--awb-margin-bottom-large:20px;--awb-spacing-left-large:3.84%;--awb-width-medium:50%;--awb-order-medium:0;--awb-spacing-right-medium:3.84%;--awb-spacing-left-medium:3.84%;--awb-width-small:100%;--awb-order-small:0;--awb-spacing-right-small:1.92%;--awb-spacing-left-small:1.92%;\"><div class=\"fusion-column-wrapper lazyload fusion-column-has-shadow fusion-flex-justify-content-center fusion-content-layout-column fusion-column-has-bg-image\" data-bg-url=\"https:\/\/wizitory.com\/wp-content\/uploads\/2022\/02\/cases_hero_dark.jpg\" data-bg=\"https:\/\/wizitory.com\/wp-content\/uploads\/2022\/02\/cases_hero_dark.jpg\"><div class=\"fusion-title title fusion-title-4 fusion-sep-none fusion-title-text fusion-title-size-two\" style=\"--awb-margin-bottom:50px;\"><h2 class=\"fusion-title-heading title-heading-left fusion-responsive-typography-calculated\" style=\"margin:0;--fontSize:15;--minFontSize:15;line-height:1.2;\"><h4 style=\"text-align: center;\"><span style=\"color: #ffffff;\">Vad vi har gjort<\/span><\/h4><\/h2><\/div><div style=\"text-align:center;\"><a class=\"fusion-button button-flat button-xlarge button-default fusion-button-default button-4 fusion-button-default-span fusion-button-default-type fusion-animated\" data-animationType=\"flipinx\" data-animationDuration=\"2.0\" data-animationOffset=\"top-into-view\" target=\"_self\" href=\"https:\/\/wizitory.com\/sv\/kundcases\/\"><span class=\"fusion-button-text\">KUNDCASES<\/span><\/a><\/div><\/div><\/div><\/div><\/div>\n<\/p>\n","protected":false},"excerpt":{"rendered":"","protected":false},"author":1,"featured_media":0,"parent":0,"menu_order":0,"comment_status":"closed","ping_status":"closed","template":"100-width.php","meta":{"footnotes":""},"yoast_head":"<!-- This site is optimized with the Yoast SEO plugin v22.6 - https:\/\/yoast.com\/wordpress\/plugins\/seo\/ -->\n<title>OM OSS - Wizitory<\/title>\n<meta name=\"description\" content=\"Wizitory \u00e4r en svensk designstudio och digital plattform som specialiserat sig p\u00e5 att hj\u00e4lpa varum\u00e4rken att skapa sin egen interaktiva metavers. Unika digitala platser, k\u00e4nslor och upplevelser \u2013 tillg\u00e4ngliga fr\u00e5n vilken dator eller mobil enhet som helst.\" \/>\n<meta name=\"robots\" content=\"index, follow, max-snippet:-1, max-image-preview:large, max-video-preview:-1\" \/>\n<link rel=\"canonical\" href=\"https:\/\/wizitory.com\/sv\/om-wizitory\/\" \/>\n<meta property=\"og:locale\" content=\"sv_SE\" \/>\n<meta property=\"og:type\" content=\"article\" \/>\n<meta property=\"og:title\" content=\"OM OSS - Wizitory\" \/>\n<meta property=\"og:description\" content=\"Wizitory \u00e4r en svensk designstudio och digital plattform som specialiserat sig p\u00e5 att hj\u00e4lpa varum\u00e4rken att skapa sin egen interaktiva metavers. Unika digitala platser, k\u00e4nslor och upplevelser \u2013 tillg\u00e4ngliga fr\u00e5n vilken dator eller mobil enhet som helst.\" \/>\n<meta property=\"og:url\" content=\"https:\/\/wizitory.com\/sv\/om-wizitory\/\" \/>\n<meta property=\"og:site_name\" content=\"Wizitory\" \/>\n<meta property=\"article:publisher\" content=\"https:\/\/www.facebook.com\/Wizitory\/\" \/>\n<meta property=\"article:modified_time\" content=\"2022-09-05T06:59:33+00:00\" \/>\n<meta name=\"twitter:card\" content=\"summary_large_image\" \/>\n<meta name=\"twitter:label1\" content=\"Est. reading time\" \/>\n\t<meta name=\"twitter:data1\" content=\"4 minutes\" \/>\n<script type=\"application\/ld+json\" class=\"yoast-schema-graph\">{\"@context\":\"https:\/\/schema.org\",\"@graph\":[{\"@type\":\"WebPage\",\"@id\":\"https:\/\/wizitory.com\/sv\/om-wizitory\/\",\"url\":\"https:\/\/wizitory.com\/sv\/om-wizitory\/\",\"name\":\"OM OSS - Wizitory\",\"isPartOf\":{\"@id\":\"https:\/\/wizitory.com\/sv\/#website\"},\"datePublished\":\"2022-01-17T18:56:42+00:00\",\"dateModified\":\"2022-09-05T06:59:33+00:00\",\"description\":\"Wizitory \u00e4r en svensk designstudio och digital plattform som specialiserat sig p\u00e5 att hj\u00e4lpa varum\u00e4rken att skapa sin egen interaktiva metavers. Unika digitala platser, k\u00e4nslor och upplevelser \u2013 tillg\u00e4ngliga fr\u00e5n vilken dator eller mobil enhet som helst.\",\"breadcrumb\":{\"@id\":\"https:\/\/wizitory.com\/sv\/om-wizitory\/#breadcrumb\"},\"inLanguage\":\"sv-SE\",\"potentialAction\":[{\"@type\":\"ReadAction\",\"target\":[\"https:\/\/wizitory.com\/sv\/om-wizitory\/\"]}]},{\"@type\":\"BreadcrumbList\",\"@id\":\"https:\/\/wizitory.com\/sv\/om-wizitory\/#breadcrumb\",\"itemListElement\":[{\"@type\":\"ListItem\",\"position\":1,\"name\":\"Home\",\"item\":\"https:\/\/wizitory.com\/sv\/\"},{\"@type\":\"ListItem\",\"position\":2,\"name\":\"OM OSS\"}]},{\"@type\":\"WebSite\",\"@id\":\"https:\/\/wizitory.com\/sv\/#website\",\"url\":\"https:\/\/wizitory.com\/sv\/\",\"name\":\"Wizitory\",\"description\":\"Get your brand ready for the metaverse\",\"publisher\":{\"@id\":\"https:\/\/wizitory.com\/sv\/#organization\"},\"potentialAction\":[{\"@type\":\"SearchAction\",\"target\":{\"@type\":\"EntryPoint\",\"urlTemplate\":\"https:\/\/wizitory.com\/sv\/?s={search_term_string}\"},\"query-input\":\"required name=search_term_string\"}],\"inLanguage\":\"sv-SE\"},{\"@type\":\"Organization\",\"@id\":\"https:\/\/wizitory.com\/sv\/#organization\",\"name\":\"Wizitory\",\"url\":\"https:\/\/wizitory.com\/sv\/\",\"logo\":{\"@type\":\"ImageObject\",\"inLanguage\":\"sv-SE\",\"@id\":\"https:\/\/wizitory.com\/sv\/#\/schema\/logo\/image\/\",\"url\":\"https:\/\/wizitory.com\/wp-content\/uploads\/2021\/12\/wizitory_logo_2020.png\",\"contentUrl\":\"https:\/\/wizitory.com\/wp-content\/uploads\/2021\/12\/wizitory_logo_2020.png\",\"width\":673,\"height\":168,\"caption\":\"Wizitory\"},\"image\":{\"@id\":\"https:\/\/wizitory.com\/sv\/#\/schema\/logo\/image\/\"},\"sameAs\":[\"https:\/\/www.facebook.com\/Wizitory\/\",\"https:\/\/www.instagram.com\/wizitory\/\",\"https:\/\/www.linkedin.com\/company\/wizitory\"]}]}<\/script>\n<!-- \/ Yoast SEO plugin. -->","yoast_head_json":{"title":"OM OSS - Wizitory","description":"Wizitory \u00e4r en svensk designstudio och digital plattform som specialiserat sig p\u00e5 att hj\u00e4lpa varum\u00e4rken att skapa sin egen interaktiva metavers. Unika digitala platser, k\u00e4nslor och upplevelser \u2013 tillg\u00e4ngliga fr\u00e5n vilken dator eller mobil enhet som helst.","robots":{"index":"index","follow":"follow","max-snippet":"max-snippet:-1","max-image-preview":"max-image-preview:large","max-video-preview":"max-video-preview:-1"},"canonical":"https:\/\/wizitory.com\/sv\/om-wizitory\/","og_locale":"sv_SE","og_type":"article","og_title":"OM OSS - Wizitory","og_description":"Wizitory \u00e4r en svensk designstudio och digital plattform som specialiserat sig p\u00e5 att hj\u00e4lpa varum\u00e4rken att skapa sin egen interaktiva metavers. Unika digitala platser, k\u00e4nslor och upplevelser \u2013 tillg\u00e4ngliga fr\u00e5n vilken dator eller mobil enhet som helst.","og_url":"https:\/\/wizitory.com\/sv\/om-wizitory\/","og_site_name":"Wizitory","article_publisher":"https:\/\/www.facebook.com\/Wizitory\/","article_modified_time":"2022-09-05T06:59:33+00:00","twitter_card":"summary_large_image","twitter_misc":{"Est. reading time":"4 minutes"},"schema":{"@context":"https:\/\/schema.org","@graph":[{"@type":"WebPage","@id":"https:\/\/wizitory.com\/sv\/om-wizitory\/","url":"https:\/\/wizitory.com\/sv\/om-wizitory\/","name":"OM OSS - Wizitory","isPartOf":{"@id":"https:\/\/wizitory.com\/sv\/#website"},"datePublished":"2022-01-17T18:56:42+00:00","dateModified":"2022-09-05T06:59:33+00:00","description":"Wizitory \u00e4r en svensk designstudio och digital plattform som specialiserat sig p\u00e5 att hj\u00e4lpa varum\u00e4rken att skapa sin egen interaktiva metavers. Unika digitala platser, k\u00e4nslor och upplevelser \u2013 tillg\u00e4ngliga fr\u00e5n vilken dator eller mobil enhet som helst.","breadcrumb":{"@id":"https:\/\/wizitory.com\/sv\/om-wizitory\/#breadcrumb"},"inLanguage":"sv-SE","potentialAction":[{"@type":"ReadAction","target":["https:\/\/wizitory.com\/sv\/om-wizitory\/"]}]},{"@type":"BreadcrumbList","@id":"https:\/\/wizitory.com\/sv\/om-wizitory\/#breadcrumb","itemListElement":[{"@type":"ListItem","position":1,"name":"Home","item":"https:\/\/wizitory.com\/sv\/"},{"@type":"ListItem","position":2,"name":"OM OSS"}]},{"@type":"WebSite","@id":"https:\/\/wizitory.com\/sv\/#website","url":"https:\/\/wizitory.com\/sv\/","name":"Wizitory","description":"Get your brand ready for the metaverse","publisher":{"@id":"https:\/\/wizitory.com\/sv\/#organization"},"potentialAction":[{"@type":"SearchAction","target":{"@type":"EntryPoint","urlTemplate":"https:\/\/wizitory.com\/sv\/?s={search_term_string}"},"query-input":"required name=search_term_string"}],"inLanguage":"sv-SE"},{"@type":"Organization","@id":"https:\/\/wizitory.com\/sv\/#organization","name":"Wizitory","url":"https:\/\/wizitory.com\/sv\/","logo":{"@type":"ImageObject","inLanguage":"sv-SE","@id":"https:\/\/wizitory.com\/sv\/#\/schema\/logo\/image\/","url":"https:\/\/wizitory.com\/wp-content\/uploads\/2021\/12\/wizitory_logo_2020.png","contentUrl":"https:\/\/wizitory.com\/wp-content\/uploads\/2021\/12\/wizitory_logo_2020.png","width":673,"height":168,"caption":"Wizitory"},"image":{"@id":"https:\/\/wizitory.com\/sv\/#\/schema\/logo\/image\/"},"sameAs":["https:\/\/www.facebook.com\/Wizitory\/","https:\/\/www.instagram.com\/wizitory\/","https:\/\/www.linkedin.com\/company\/wizitory"]}]}},"_links":{"self":[{"href":"https:\/\/wizitory.com\/sv\/wp-json\/wp\/v2\/pages\/3110"}],"collection":[{"href":"https:\/\/wizitory.com\/sv\/wp-json\/wp\/v2\/pages"}],"about":[{"href":"https:\/\/wizitory.com\/sv\/wp-json\/wp\/v2\/types\/page"}],"author":[{"embeddable":true,"href":"https:\/\/wizitory.com\/sv\/wp-json\/wp\/v2\/users\/1"}],"replies":[{"embeddable":true,"href":"https:\/\/wizitory.com\/sv\/wp-json\/wp\/v2\/comments?post=3110"}],"version-history":[{"count":23,"href":"https:\/\/wizitory.com\/sv\/wp-json\/wp\/v2\/pages\/3110\/revisions"}],"predecessor-version":[{"id":3432,"href":"https:\/\/wizitory.com\/sv\/wp-json\/wp\/v2\/pages\/3110\/revisions\/3432"}],"wp:attachment":[{"href":"https:\/\/wizitory.com\/sv\/wp-json\/wp\/v2\/media?parent=3110"}],"curies":[{"name":"wp","href":"https:\/\/api.w.org\/{rel}","templated":true}]}}